{"id":49,"date":"2025-06-02T19:47:36","date_gmt":"2025-06-02T17:47:36","guid":{"rendered":"http:\/\/perfect-skin-by-rosangela.local\/?page_id=49"},"modified":"2025-06-09T07:46:40","modified_gmt":"2025-06-09T11:46:40","slug":"meet-rosangela","status":"publish","type":"page","link":"https:\/\/perfectskinbyrosangela.com\/es\/meet-rosangela\/","title":{"rendered":"Conoce a Rosangela"},"content":{"rendered":"<div data-elementor-type=\"wp-page\" data-elementor-id=\"49\" class=\"elementor elementor-49\">\n\t\t\t\t<div class=\"elementor-element elementor-element-a2ad0b6 e-flex e-con-boxed e-con e-parent\" data-id=\"a2ad0b6\" data-element_type=\"container\" data-e-type=\"container\" data-settings=\"{&quot;jet_parallax_layout_list&quot;:[]}\">\n\t\t\t\t\t<div class=\"e-con-inner\">\n\t\t\t\t<div class=\"elementor-element elementor-element-d73afeb jet-breadcrumbs-on-front-yes jet-breadcrumbs-page-title-yes jet-breadcrumbs-align-center elementor-widget elementor-widget-jet-breadcrumbs\" data-id=\"d73afeb\" data-element_type=\"widget\" data-e-type=\"widget\" data-widget_type=\"jet-breadcrumbs.default\">\n\t\t\t\t<div class=\"elementor-widget-container\">\n\t\t\t\t\t<div class=\"elementor-jet-breadcrumbs jet-blocks\">\n\t\t<div class=\"jet-breadcrumbs\">\n\t\t<div class=\"jet-breadcrumbs__content\">\n\t\t<div class=\"jet-breadcrumbs__wrap\"><div class=\"jet-breadcrumbs__item\"><a href=\"https:\/\/perfectskinbyrosangela.com\/es\/\" class=\"jet-breadcrumbs__item-link is-home\" rel=\"home\" title=\"Inicio\">Inicio<\/a><\/div>\n\t\t<\/div>\n\t\t<\/div>\n\t\t<\/div><\/div>\t\t\t\t<\/div>\n\t\t\t\t<\/div>\n\t\t\t\t\t<\/div>\n\t\t\t\t<\/div>\n\t\t<section class=\"elementor-element elementor-element-7113464 e-con-full e-flex e-con e-parent\" data-id=\"7113464\" data-element_type=\"container\" data-e-type=\"container\" data-settings=\"{&quot;background_background&quot;:&quot;classic&quot;,&quot;jet_parallax_layout_list&quot;:[]}\">\n\t\t<div class=\"elementor-element elementor-element-5a82237 e-con-full e-flex e-con e-child\" data-id=\"5a82237\" data-element_type=\"container\" data-e-type=\"container\" data-settings=\"{&quot;background_background&quot;:&quot;classic&quot;,&quot;jet_parallax_layout_list&quot;:[]}\">\n\t\t<div class=\"elementor-element elementor-element-ac82669 e-con-full e-flex e-con e-child\" data-id=\"ac82669\" data-element_type=\"container\" data-e-type=\"container\" data-settings=\"{&quot;jet_parallax_layout_list&quot;:[]}\">\n\t\t\t\t<div class=\"elementor-element elementor-element-59f7693 elementor-widget elementor-widget-heading\" data-id=\"59f7693\" data-element_type=\"widget\" data-e-type=\"widget\" data-widget_type=\"heading.default\">\n\t\t\t\t<div class=\"elementor-widget-container\">\n\t\t\t\t\t<h2 class=\"elementor-heading-title elementor-size-default\">Hola, soy Rosangela<\/h2>\t\t\t\t<\/div>\n\t\t\t\t<\/div>\n\t\t\t\t<div class=\"elementor-element elementor-element-05e897e elementor-widget elementor-widget-text-editor\" data-id=\"05e897e\" data-element_type=\"widget\" data-e-type=\"widget\" data-widget_type=\"text-editor.default\">\n\t\t\t\t<div class=\"elementor-widget-container\">\n\t\t\t\t\t\t\t\t\t<p class=\"translation-block\">Soy una especialista en medicina est\u00e9tica con m\u00e1s de 8 a\u00f1os de experiencia en el sector. My passion lies in helping people feel more like themselves\u2014refreshed, confident, and empowered\u2014through subtle and effective treatments.<br><br>\n\nEn Perfect Skin by Rosangela, me centro en los resultados naturales, la educaci\u00f3n del paciente y la atenci\u00f3n personalizada.\u2028Porque cada rostro es \u00fanico y su viaje merece tiempo, atenci\u00f3n y experiencia.<\/p>\t\t\t\t\t\t\t\t<\/div>\n\t\t\t\t<\/div>\n\t\t\t\t<\/div>\n\t\t<div class=\"elementor-element elementor-element-8a02b74 e-con-full e-flex e-con e-child\" data-id=\"8a02b74\" data-element_type=\"container\" data-e-type=\"container\" data-settings=\"{&quot;jet_parallax_layout_list&quot;:[]}\">\n\t\t\t\t<div class=\"elementor-element elementor-element-6f7bf37 elementor-widget elementor-widget-image\" data-id=\"6f7bf37\" data-element_type=\"widget\" data-e-type=\"widget\" data-widget_type=\"image.default\">\n\t\t\t\t<div class=\"elementor-widget-container\">\n\t\t\t\t\t\t\t\t\t\t\t\t\t\t\t<img fetchpriority=\"high\" decoding=\"async\" width=\"1136\" height=\"1136\" src=\"https:\/\/perfectskinbyrosangela.com\/wp-content\/uploads\/2025\/06\/Meet-Rosangela.webp\" class=\"attachment-full size-full wp-image-374\" alt=\"\" srcset=\"https:\/\/perfectskinbyrosangela.com\/wp-content\/uploads\/2025\/06\/Meet-Rosangela.webp 1136w, https:\/\/perfectskinbyrosangela.com\/wp-content\/uploads\/2025\/06\/Meet-Rosangela-300x300.webp 300w, https:\/\/perfectskinbyrosangela.com\/wp-content\/uploads\/2025\/06\/Meet-Rosangela-100x100.webp 100w, https:\/\/perfectskinbyrosangela.com\/wp-content\/uploads\/2025\/06\/Meet-Rosangela-600x600.webp 600w, https:\/\/perfectskinbyrosangela.com\/wp-content\/uploads\/2025\/06\/Meet-Rosangela-1024x1024.webp 1024w, https:\/\/perfectskinbyrosangela.com\/wp-content\/uploads\/2025\/06\/Meet-Rosangela-150x150.webp 150w, https:\/\/perfectskinbyrosangela.com\/wp-content\/uploads\/2025\/06\/Meet-Rosangela-768x768.webp 768w\" sizes=\"(max-width: 1136px) 100vw, 1136px\" \/>\t\t\t\t\t\t\t\t\t\t\t\t\t\t\t<\/div>\n\t\t\t\t<\/div>\n\t\t\t\t<\/div>\n\t\t\t\t<\/div>\n\t\t\t\t<\/section>\n\t\t<section class=\"elementor-element elementor-element-e0ef166 e-flex e-con-boxed e-con e-parent\" data-id=\"e0ef166\" data-element_type=\"container\" data-e-type=\"container\" data-settings=\"{&quot;background_background&quot;:&quot;classic&quot;,&quot;jet_parallax_layout_list&quot;:[]}\">\n\t\t\t\t\t<div class=\"e-con-inner\">\n\t\t<div class=\"elementor-element elementor-element-52d06fc e-flex e-con-boxed e-con e-child\" data-id=\"52d06fc\" data-element_type=\"container\" data-e-type=\"container\" data-settings=\"{&quot;jet_parallax_layout_list&quot;:[]}\">\n\t\t\t\t\t<div class=\"e-con-inner\">\n\t\t\t\t<div class=\"elementor-element elementor-element-6360057 elementor-widget elementor-widget-image\" data-id=\"6360057\" data-element_type=\"widget\" data-e-type=\"widget\" data-widget_type=\"image.default\">\n\t\t\t\t<div class=\"elementor-widget-container\">\n\t\t\t\t\t\t\t\t\t\t\t\t\t\t\t<img decoding=\"async\" width=\"1148\" height=\"1148\" src=\"https:\/\/perfectskinbyrosangela.com\/wp-content\/uploads\/2025\/06\/Meet-Rosangela-02.webp\" class=\"attachment-full size-full wp-image-389\" alt=\"\" srcset=\"https:\/\/perfectskinbyrosangela.com\/wp-content\/uploads\/2025\/06\/Meet-Rosangela-02.webp 1148w, https:\/\/perfectskinbyrosangela.com\/wp-content\/uploads\/2025\/06\/Meet-Rosangela-02-300x300.webp 300w, https:\/\/perfectskinbyrosangela.com\/wp-content\/uploads\/2025\/06\/Meet-Rosangela-02-100x100.webp 100w, https:\/\/perfectskinbyrosangela.com\/wp-content\/uploads\/2025\/06\/Meet-Rosangela-02-600x600.webp 600w, https:\/\/perfectskinbyrosangela.com\/wp-content\/uploads\/2025\/06\/Meet-Rosangela-02-1024x1024.webp 1024w, https:\/\/perfectskinbyrosangela.com\/wp-content\/uploads\/2025\/06\/Meet-Rosangela-02-150x150.webp 150w, https:\/\/perfectskinbyrosangela.com\/wp-content\/uploads\/2025\/06\/Meet-Rosangela-02-768x768.webp 768w\" sizes=\"(max-width: 1148px) 100vw, 1148px\" \/>\t\t\t\t\t\t\t\t\t\t\t\t\t\t\t<\/div>\n\t\t\t\t<\/div>\n\t\t\t\t\t<\/div>\n\t\t\t\t<\/div>\n\t\t<div class=\"elementor-element elementor-element-250879c e-con-full e-flex e-con e-child\" data-id=\"250879c\" data-element_type=\"container\" data-e-type=\"container\" data-settings=\"{&quot;jet_parallax_layout_list&quot;:[]}\">\n\t\t\t\t<div class=\"elementor-element elementor-element-9d3a096 elementor-widget elementor-widget-heading\" data-id=\"9d3a096\" data-element_type=\"widget\" data-e-type=\"widget\" data-widget_type=\"heading.default\">\n\t\t\t\t<div class=\"elementor-widget-container\">\n\t\t\t\t\t<h2 class=\"elementor-heading-title elementor-size-default\">Mi filosof\u00eda<\/h2>\t\t\t\t<\/div>\n\t\t\t\t<\/div>\n\t\t\t\t<div class=\"elementor-element elementor-element-21fe8b3 elementor-widget elementor-widget-heading\" data-id=\"21fe8b3\" data-element_type=\"widget\" data-e-type=\"widget\" data-widget_type=\"heading.default\">\n\t\t\t\t<div class=\"elementor-widget-container\">\n\t\t\t\t\t<h3 class=\"elementor-heading-title elementor-size-default\">Un enfoque suave y honesto de la belleza<\/h3>\t\t\t\t<\/div>\n\t\t\t\t<\/div>\n\t\t\t\t<div class=\"elementor-element elementor-element-255c193 elementor-widget elementor-widget-text-editor\" data-id=\"255c193\" data-element_type=\"widget\" data-e-type=\"widget\" data-widget_type=\"text-editor.default\">\n\t\t\t\t<div class=\"elementor-widget-container\">\n\t\t\t\t\t\t\t\t\t<p><strong>Creo en:<\/strong><\/p><ul><li>Realzar -no alterar- sus rasgos naturales<\/li><li>Utilizar productos de alta calidad y m\u00e9dicamente aprobados<\/li><li>Ofrecerle recomendaciones sinceras (aunque tenga que decir que no).<\/li><li>Crear un espacio tranquilo y acogedor en el que te sientas seguro y escuchado.<\/li><\/ul><p>\u00a0<br \/>Mi objetivo es que salgas sinti\u00e9ndote m\u00e1s segura de ti misma que cuando entraste, sin perder nunca tu esencia.<\/p>\t\t\t\t\t\t\t\t<\/div>\n\t\t\t\t<\/div>\n\t\t\t\t<\/div>\n\t\t\t\t\t<\/div>\n\t\t\t\t<\/section>\n\t\t<section class=\"elementor-element elementor-element-444cb83 e-flex e-con-boxed e-con e-parent\" data-id=\"444cb83\" data-element_type=\"container\" data-e-type=\"container\" data-settings=\"{&quot;jet_parallax_layout_list&quot;:[]}\">\n\t\t\t\t\t<div class=\"e-con-inner\">\n\t\t<div class=\"elementor-element elementor-element-8406657 e-con-full e-flex e-con e-child\" data-id=\"8406657\" data-element_type=\"container\" data-e-type=\"container\" data-settings=\"{&quot;jet_parallax_layout_list&quot;:[]}\">\n\t\t<div class=\"elementor-element elementor-element-ba1da6f e-con-full e-flex e-con e-child\" data-id=\"ba1da6f\" data-element_type=\"container\" data-e-type=\"container\" data-settings=\"{&quot;jet_parallax_layout_list&quot;:[]}\">\n\t\t\t\t<div class=\"elementor-element elementor-element-3e618c9 elementor-widget elementor-widget-heading\" data-id=\"3e618c9\" data-element_type=\"widget\" data-e-type=\"widget\" data-widget_type=\"heading.default\">\n\t\t\t\t<div class=\"elementor-widget-container\">\n\t\t\t\t\t<h2 class=\"elementor-heading-title elementor-size-default\">Mi filosof\u00eda<\/h2>\t\t\t\t<\/div>\n\t\t\t\t<\/div>\n\t\t\t\t<div class=\"elementor-element elementor-element-3f64037 elementor-widget elementor-widget-text-editor\" data-id=\"3f64037\" data-element_type=\"widget\" data-e-type=\"widget\" data-widget_type=\"text-editor.default\">\n\t\t\t\t<div class=\"elementor-widget-container\">\n\t\t\t\t\t\t\t\t\t<p>S\u00e9 lo que se siente al querer un cambio pero no saber por d\u00f3nde empezar. Por eso me tomo en serio cada consulta y nunca me precipito con los tratamientos.<\/p><p>Trabajamos juntos -pacientes y profesionales- para crear resultados que se parezcan a usted, pero mejores.<\/p>\t\t\t\t\t\t\t\t<\/div>\n\t\t\t\t<\/div>\n\t\t\t\t<\/div>\n\t\t<div class=\"elementor-element elementor-element-ee38ef9 e-con-full e-flex e-con e-child\" data-id=\"ee38ef9\" data-element_type=\"container\" data-e-type=\"container\" data-settings=\"{&quot;jet_parallax_layout_list&quot;:[]}\">\n\t\t\t\t<div class=\"elementor-element elementor-element-36e42c2 elementor-widget elementor-widget-image\" data-id=\"36e42c2\" data-element_type=\"widget\" data-e-type=\"widget\" data-widget_type=\"image.default\">\n\t\t\t\t<div class=\"elementor-widget-container\">\n\t\t\t\t\t\t\t\t\t\t\t\t\t\t\t<img decoding=\"async\" width=\"1179\" height=\"1470\" src=\"https:\/\/perfectskinbyrosangela.com\/wp-content\/uploads\/2025\/06\/Meet-Perfect-Skin-by-Rosangela.webp\" class=\"attachment-full size-full wp-image-396\" alt=\"\" srcset=\"https:\/\/perfectskinbyrosangela.com\/wp-content\/uploads\/2025\/06\/Meet-Perfect-Skin-by-Rosangela.webp 1179w, https:\/\/perfectskinbyrosangela.com\/wp-content\/uploads\/2025\/06\/Meet-Perfect-Skin-by-Rosangela-600x748.webp 600w, https:\/\/perfectskinbyrosangela.com\/wp-content\/uploads\/2025\/06\/Meet-Perfect-Skin-by-Rosangela-241x300.webp 241w, https:\/\/perfectskinbyrosangela.com\/wp-content\/uploads\/2025\/06\/Meet-Perfect-Skin-by-Rosangela-821x1024.webp 821w, https:\/\/perfectskinbyrosangela.com\/wp-content\/uploads\/2025\/06\/Meet-Perfect-Skin-by-Rosangela-768x958.webp 768w\" sizes=\"(max-width: 1179px) 100vw, 1179px\" \/>\t\t\t\t\t\t\t\t\t\t\t\t\t\t\t<\/div>\n\t\t\t\t<\/div>\n\t\t\t\t<\/div>\n\t\t\t\t<\/div>\n\t\t\t\t\t<\/div>\n\t\t\t\t<\/section>\n\t\t<div class=\"elementor-element elementor-element-b453c81 e-flex e-con-boxed e-con e-parent\" data-id=\"b453c81\" data-element_type=\"container\" data-e-type=\"container\" data-settings=\"{&quot;background_background&quot;:&quot;classic&quot;,&quot;jet_parallax_layout_list&quot;:[]}\">\n\t\t\t\t\t<div class=\"e-con-inner\">\n\t\t<div class=\"elementor-element elementor-element-76091c4 e-flex e-con-boxed e-con e-child\" data-id=\"76091c4\" data-element_type=\"container\" data-e-type=\"container\" data-settings=\"{&quot;jet_parallax_layout_list&quot;:[]}\">\n\t\t\t\t\t<div class=\"e-con-inner\">\n\t\t\t\t<div class=\"elementor-element elementor-element-edef0c5 elementor-widget elementor-widget-image\" data-id=\"edef0c5\" data-element_type=\"widget\" data-e-type=\"widget\" data-widget_type=\"image.default\">\n\t\t\t\t<div class=\"elementor-widget-container\">\n\t\t\t\t\t\t\t\t\t\t\t\t\t\t\t<img loading=\"lazy\" decoding=\"async\" width=\"105\" height=\"70\" src=\"https:\/\/perfectskinbyrosangela.com\/wp-content\/uploads\/2025\/06\/Fabicon.svg\" class=\"attachment-large size-large wp-image-336\" alt=\"\" \/>\t\t\t\t\t\t\t\t\t\t\t\t\t\t\t<\/div>\n\t\t\t\t<\/div>\n\t\t<div class=\"elementor-element elementor-element-38a2934 e-con-full e-flex e-con e-child\" data-id=\"38a2934\" data-element_type=\"container\" data-e-type=\"container\" data-settings=\"{&quot;jet_parallax_layout_list&quot;:[]}\">\n\t\t\t\t<div class=\"elementor-element elementor-element-c9ebfc3 elementor-widget elementor-widget-heading\" data-id=\"c9ebfc3\" data-element_type=\"widget\" data-e-type=\"widget\" data-widget_type=\"heading.default\">\n\t\t\t\t<div class=\"elementor-widget-container\">\n\t\t\t\t\t<h3 class=\"elementor-heading-title elementor-size-default\">\u00abNo hay nada m\u00e1s gratificante que ver sonre\u00edr a un cliente cuando se ve en el espejo\u00bb.<\/h3>\t\t\t\t<\/div>\n\t\t\t\t<\/div>\n\t\t\t\t<div class=\"elementor-element elementor-element-6f5d153 elementor-widget elementor-widget-heading\" data-id=\"6f5d153\" data-element_type=\"widget\" data-e-type=\"widget\" data-widget_type=\"heading.default\">\n\t\t\t\t<div class=\"elementor-widget-container\">\n\t\t\t\t\t<h4 class=\"elementor-heading-title elementor-size-default\">\u00bfQuiere iniciar su propio viaje por la piel?<\/h4>\t\t\t\t<\/div>\n\t\t\t\t<\/div>\n\t\t\t\t<\/div>\n\t\t\t\t<div class=\"elementor-element elementor-element-c4fd02c elementor-align-center elementor-mobile-align-justify elementor-widget elementor-widget-button\" data-id=\"c4fd02c\" data-element_type=\"widget\" data-e-type=\"widget\" data-widget_type=\"button.default\">\n\t\t\t\t<div class=\"elementor-widget-container\">\n\t\t\t\t\t\t\t\t\t<div class=\"elementor-button-wrapper\">\n\t\t\t\t\t<a class=\"elementor-button elementor-button-link elementor-size-sm\" href=\"\/es\/book-your-appointment\/#book-now\">\n\t\t\t\t\t\t<span class=\"elementor-button-content-wrapper\">\n\t\t\t\t\t\t\t\t\t<span class=\"elementor-button-text\">Reservar una consulta<\/span>\n\t\t\t\t\t<\/span>\n\t\t\t\t\t<\/a>\n\t\t\t\t<\/div>\n\t\t\t\t\t\t\t\t<\/div>\n\t\t\t\t<\/div>\n\t\t\t\t\t<\/div>\n\t\t\t\t<\/div>\n\t\t\t\t\t<\/div>\n\t\t\t\t<\/div>\n\t\t\t\t<\/div>","protected":false},"excerpt":{"rendered":"<p>Home Hi, I\u2019m Rosangela I\u2019m a licensed medical aesthetic specialist with over 8 years in the industry. My passion lies in helping people feel more like themselves\u2014refreshed, confident, and empowered\u2014through subtle and effective treatments. At Perfect Skin by Rosangela, I focus on natural results, patient education, and one-on-one care.\u2028Because every face is unique, and your [&hellip;]<\/p>","protected":false},"author":2,"featured_media":204,"parent":0,"menu_order":2,"comment_status":"closed","ping_status":"closed","template":"","meta":{"footnotes":""},"class_list":["post-49","page","type-page","status-publish","has-post-thumbnail","hentry"],"yoast_head":"<!-- This site is optimized with the Yoast SEO plugin v27.4 - https:\/\/yoast.com\/product\/yoast-seo-wordpress\/ -->\n<title>Meet Rosangela<\/title>\n<meta name=\"description\" content=\"Home Hi, I\u2019m Rosangela I\u2019m a licensed medical aesthetic specialist with over 8 years in the industry. My passion lies in helping people feel more like\" \/>\n<meta name=\"robots\" content=\"index, follow, max-snippet:-1, max-image-preview:large, max-video-preview:-1\" \/>\n<link rel=\"canonical\" href=\"https:\/\/perfectskinbyrosangela.com\/es\/meet-rosangela\/\" \/>\n<meta property=\"og:locale\" content=\"es_MX\" \/>\n<meta property=\"og:type\" content=\"article\" \/>\n<meta property=\"og:title\" content=\"Meet Rosangela\" \/>\n<meta property=\"og:description\" content=\"Home Hi, I\u2019m Rosangela I\u2019m a licensed medical aesthetic specialist with over 8 years in the industry. My passion lies in helping people feel more like\" \/>\n<meta property=\"og:url\" content=\"https:\/\/perfectskinbyrosangela.com\/es\/meet-rosangela\/\" \/>\n<meta property=\"og:site_name\" content=\"SR Perfect Skin by Rosangela\" \/>\n<meta property=\"article:modified_time\" content=\"2025-06-09T11:46:40+00:00\" \/>\n<meta property=\"og:image\" content=\"https:\/\/perfectskinbyrosangela.com\/wp-content\/uploads\/2025\/06\/About-Rosangela.webp\" \/>\n\t<meta property=\"og:image:width\" content=\"908\" \/>\n\t<meta property=\"og:image:height\" content=\"1136\" \/>\n\t<meta property=\"og:image:type\" content=\"image\/webp\" \/>\n<meta name=\"twitter:card\" content=\"summary_large_image\" \/>\n<meta name=\"twitter:label1\" content=\"Tiempo de lectura\" \/>\n\t<meta name=\"twitter:data1\" content=\"2 minutos\" \/>\n<script type=\"application\/ld+json\" class=\"yoast-schema-graph\">{\"@context\":\"https:\\\/\\\/schema.org\",\"@graph\":[{\"@type\":\"WebPage\",\"@id\":\"https:\\\/\\\/perfectskinbyrosangela.com\\\/meet-rosangela\\\/\",\"url\":\"https:\\\/\\\/perfectskinbyrosangela.com\\\/meet-rosangela\\\/\",\"name\":\"Meet Rosangela\",\"isPartOf\":{\"@id\":\"https:\\\/\\\/perfectskinbyrosangela.com\\\/#website\"},\"primaryImageOfPage\":{\"@id\":\"https:\\\/\\\/perfectskinbyrosangela.com\\\/meet-rosangela\\\/#primaryimage\"},\"image\":{\"@id\":\"https:\\\/\\\/perfectskinbyrosangela.com\\\/meet-rosangela\\\/#primaryimage\"},\"thumbnailUrl\":\"https:\\\/\\\/perfectskinbyrosangela.com\\\/wp-content\\\/uploads\\\/2025\\\/06\\\/About-Rosangela.webp\",\"datePublished\":\"2025-06-02T17:47:36+00:00\",\"dateModified\":\"2025-06-09T11:46:40+00:00\",\"description\":\"Home Hi, I\u2019m Rosangela I\u2019m a licensed medical aesthetic specialist with over 8 years in the industry. My passion lies in helping people feel more like\",\"breadcrumb\":{\"@id\":\"https:\\\/\\\/perfectskinbyrosangela.com\\\/meet-rosangela\\\/#breadcrumb\"},\"inLanguage\":\"es\",\"potentialAction\":[{\"@type\":\"ReadAction\",\"target\":[\"https:\\\/\\\/perfectskinbyrosangela.com\\\/meet-rosangela\\\/\"]}]},{\"@type\":\"ImageObject\",\"inLanguage\":\"es\",\"@id\":\"https:\\\/\\\/perfectskinbyrosangela.com\\\/meet-rosangela\\\/#primaryimage\",\"url\":\"https:\\\/\\\/perfectskinbyrosangela.com\\\/wp-content\\\/uploads\\\/2025\\\/06\\\/About-Rosangela.webp\",\"contentUrl\":\"https:\\\/\\\/perfectskinbyrosangela.com\\\/wp-content\\\/uploads\\\/2025\\\/06\\\/About-Rosangela.webp\",\"width\":908,\"height\":1136},{\"@type\":\"BreadcrumbList\",\"@id\":\"https:\\\/\\\/perfectskinbyrosangela.com\\\/meet-rosangela\\\/#breadcrumb\",\"itemListElement\":[{\"@type\":\"ListItem\",\"position\":1,\"name\":\"Home\",\"item\":\"https:\\\/\\\/perfectskinbyrosangela.com\\\/\"},{\"@type\":\"ListItem\",\"position\":2,\"name\":\"Meet Rosangela\"}]},{\"@type\":\"WebSite\",\"@id\":\"https:\\\/\\\/perfectskinbyrosangela.com\\\/#website\",\"url\":\"https:\\\/\\\/perfectskinbyrosangela.com\\\/\",\"name\":\"SR Perfect Skin by Rosangela\",\"description\":\"\",\"publisher\":{\"@id\":\"https:\\\/\\\/perfectskinbyrosangela.com\\\/#organization\"},\"potentialAction\":[{\"@type\":\"SearchAction\",\"target\":{\"@type\":\"EntryPoint\",\"urlTemplate\":\"https:\\\/\\\/perfectskinbyrosangela.com\\\/?s={search_term_string}\"},\"query-input\":{\"@type\":\"PropertyValueSpecification\",\"valueRequired\":true,\"valueName\":\"search_term_string\"}}],\"inLanguage\":\"es\"},{\"@type\":\"Organization\",\"@id\":\"https:\\\/\\\/perfectskinbyrosangela.com\\\/#organization\",\"name\":\"SR Perfect Skin by Rosangela\",\"url\":\"https:\\\/\\\/perfectskinbyrosangela.com\\\/\",\"logo\":{\"@type\":\"ImageObject\",\"inLanguage\":\"es\",\"@id\":\"https:\\\/\\\/perfectskinbyrosangela.com\\\/#\\\/schema\\\/logo\\\/image\\\/\",\"url\":\"https:\\\/\\\/perfectskinbyrosangela.com\\\/wp-content\\\/uploads\\\/2025\\\/06\\\/Logo.svg\",\"contentUrl\":\"https:\\\/\\\/perfectskinbyrosangela.com\\\/wp-content\\\/uploads\\\/2025\\\/06\\\/Logo.svg\",\"width\":240,\"height\":40,\"caption\":\"SR Perfect Skin by Rosangela\"},\"image\":{\"@id\":\"https:\\\/\\\/perfectskinbyrosangela.com\\\/#\\\/schema\\\/logo\\\/image\\\/\"}}]}<\/script>\n<!-- \/ Yoast SEO plugin. -->","yoast_head_json":{"title":"Conoce a Rosangela","description":"Home Hi, I\u2019m Rosangela I\u2019m a licensed medical aesthetic specialist with over 8 years in the industry. My passion lies in helping people feel more like","robots":{"index":"index","follow":"follow","max-snippet":"max-snippet:-1","max-image-preview":"max-image-preview:large","max-video-preview":"max-video-preview:-1"},"canonical":"https:\/\/perfectskinbyrosangela.com\/es\/meet-rosangela\/","og_locale":"es_MX","og_type":"article","og_title":"Meet Rosangela","og_description":"Home Hi, I\u2019m Rosangela I\u2019m a licensed medical aesthetic specialist with over 8 years in the industry. My passion lies in helping people feel more like","og_url":"https:\/\/perfectskinbyrosangela.com\/es\/meet-rosangela\/","og_site_name":"SR Perfect Skin by Rosangela","article_modified_time":"2025-06-09T11:46:40+00:00","og_image":[{"width":908,"height":1136,"url":"https:\/\/perfectskinbyrosangela.com\/wp-content\/uploads\/2025\/06\/About-Rosangela.webp","type":"image\/webp"}],"twitter_card":"summary_large_image","twitter_misc":{"Tiempo de lectura":"2 minutos"},"schema":{"@context":"https:\/\/schema.org","@graph":[{"@type":"WebPage","@id":"https:\/\/perfectskinbyrosangela.com\/meet-rosangela\/","url":"https:\/\/perfectskinbyrosangela.com\/meet-rosangela\/","name":"Conoce a Rosangela","isPartOf":{"@id":"https:\/\/perfectskinbyrosangela.com\/#website"},"primaryImageOfPage":{"@id":"https:\/\/perfectskinbyrosangela.com\/meet-rosangela\/#primaryimage"},"image":{"@id":"https:\/\/perfectskinbyrosangela.com\/meet-rosangela\/#primaryimage"},"thumbnailUrl":"https:\/\/perfectskinbyrosangela.com\/wp-content\/uploads\/2025\/06\/About-Rosangela.webp","datePublished":"2025-06-02T17:47:36+00:00","dateModified":"2025-06-09T11:46:40+00:00","description":"Home Hi, I\u2019m Rosangela I\u2019m a licensed medical aesthetic specialist with over 8 years in the industry. My passion lies in helping people feel more like","breadcrumb":{"@id":"https:\/\/perfectskinbyrosangela.com\/meet-rosangela\/#breadcrumb"},"inLanguage":"es","potentialAction":[{"@type":"ReadAction","target":["https:\/\/perfectskinbyrosangela.com\/meet-rosangela\/"]}]},{"@type":"ImageObject","inLanguage":"es","@id":"https:\/\/perfectskinbyrosangela.com\/meet-rosangela\/#primaryimage","url":"https:\/\/perfectskinbyrosangela.com\/wp-content\/uploads\/2025\/06\/About-Rosangela.webp","contentUrl":"https:\/\/perfectskinbyrosangela.com\/wp-content\/uploads\/2025\/06\/About-Rosangela.webp","width":908,"height":1136},{"@type":"BreadcrumbList","@id":"https:\/\/perfectskinbyrosangela.com\/meet-rosangela\/#breadcrumb","itemListElement":[{"@type":"ListItem","position":1,"name":"Home","item":"https:\/\/perfectskinbyrosangela.com\/"},{"@type":"ListItem","position":2,"name":"Meet Rosangela"}]},{"@type":"WebSite","@id":"https:\/\/perfectskinbyrosangela.com\/#website","url":"https:\/\/perfectskinbyrosangela.com\/","name":"SR Perfect Skin by Rosangela","description":"","publisher":{"@id":"https:\/\/perfectskinbyrosangela.com\/#organization"},"potentialAction":[{"@type":"SearchAction","target":{"@type":"EntryPoint","urlTemplate":"https:\/\/perfectskinbyrosangela.com\/?s={search_term_string}"},"query-input":{"@type":"PropertyValueSpecification","valueRequired":true,"valueName":"search_term_string"}}],"inLanguage":"es"},{"@type":"Organization","@id":"https:\/\/perfectskinbyrosangela.com\/#organization","name":"SR Perfect Skin by Rosangela","url":"https:\/\/perfectskinbyrosangela.com\/","logo":{"@type":"ImageObject","inLanguage":"es","@id":"https:\/\/perfectskinbyrosangela.com\/#\/schema\/logo\/image\/","url":"https:\/\/perfectskinbyrosangela.com\/wp-content\/uploads\/2025\/06\/Logo.svg","contentUrl":"https:\/\/perfectskinbyrosangela.com\/wp-content\/uploads\/2025\/06\/Logo.svg","width":240,"height":40,"caption":"SR Perfect Skin by Rosangela"},"image":{"@id":"https:\/\/perfectskinbyrosangela.com\/#\/schema\/logo\/image\/"}}]}},"jetpack_sharing_enabled":true,"_links":{"self":[{"href":"https:\/\/perfectskinbyrosangela.com\/es\/wp-json\/wp\/v2\/pages\/49","targetHints":{"allow":["GET"]}}],"collection":[{"href":"https:\/\/perfectskinbyrosangela.com\/es\/wp-json\/wp\/v2\/pages"}],"about":[{"href":"https:\/\/perfectskinbyrosangela.com\/es\/wp-json\/wp\/v2\/types\/page"}],"author":[{"embeddable":true,"href":"https:\/\/perfectskinbyrosangela.com\/es\/wp-json\/wp\/v2\/users\/2"}],"replies":[{"embeddable":true,"href":"https:\/\/perfectskinbyrosangela.com\/es\/wp-json\/wp\/v2\/comments?post=49"}],"version-history":[{"count":0,"href":"https:\/\/perfectskinbyrosangela.com\/es\/wp-json\/wp\/v2\/pages\/49\/revisions"}],"wp:featuredmedia":[{"embeddable":true,"href":"https:\/\/perfectskinbyrosangela.com\/es\/wp-json\/wp\/v2\/media\/204"}],"wp:attachment":[{"href":"https:\/\/perfectskinbyrosangela.com\/es\/wp-json\/wp\/v2\/media?parent=49"}],"curies":[{"name":"wp","href":"https:\/\/api.w.org\/{rel}","templated":true}]}}